{"id":1133,"date":"2026-03-05T13:31:51","date_gmt":"2026-03-05T12:31:51","guid":{"rendered":"https:\/\/uno-one.legal\/?page_id=1133"},"modified":"2026-03-05T13:33:06","modified_gmt":"2026-03-05T12:33:06","slug":"servicios-deportes-fiscalidad","status":"publish","type":"page","link":"https:\/\/uno-one.legal\/es\/services-sports-taxation\/","title":{"rendered":"Impuestos deportivos"},"content":{"rendered":"<div style=\"width: 100vw; position: relative; left: 50%; right: 50%; margin-left: -50vw; margin-right: -50vw; background-color: #e33d33; padding-top: 50px; padding-bottom: 50px;\">\n\n    <div class=\"service-details\" style=\"max-width: 1140px; margin: 0 auto; padding-left: 20px; padding-right: 20px; color: #ffffff; font-family: inherit;\">\n        \n        <h2 style=\"color: #ffffff; margin-top: 0; margin-bottom: 25px;\">Planificaci\u00f3n y cumplimiento fiscal estrat\u00e9gico en el deporte<\/h2>\n        <p style=\"color: #ffffff; line-height: 1.6;\">\n            La naturaleza transfronteriza de la industria del deporte genera escenarios fiscales sumamente complejos. Atletas profesionales, entrenadores, agencias y clubes est\u00e1n sujetos a un intenso escrutinio por parte de las autoridades fiscales nacionales. La falta de una planificaci\u00f3n fiscal especializada puede acarrear graves consecuencias financieras y reputacionales.\n        <\/p>\n        <p style=\"color: #ffffff; line-height: 1.6;\">\n            En UNO-ONE Legal, ofrecemos asesoramiento fiscal sofisticado, adaptado a las particularidades del sector deportivo. Ayudamos a nuestros clientes a gestionar los tratados fiscales internacionales, a estructurar su remuneraci\u00f3n de forma eficiente y a garantizar el pleno cumplimiento en diversas jurisdicciones.\n        <\/p>\n\n        <hr style=\"margin: 40px 0; border: 0; border-top: 1px solid #ffffff; opacity: 0.5;\">\n\n        <h3 style=\"color: #ffffff; margin-top: 30px; margin-bottom: 15px;\">Estructuraci\u00f3n de derechos de imagen<\/h3>\n        <p style=\"color: #ffffff; line-height: 1.6;\">\n            La explotaci\u00f3n comercial de la imagen de un atleta es una fuente crucial de ingresos, pero tambi\u00e9n un objetivo prioritario para las auditor\u00edas fiscales. Dise\u00f1amos estructuras seguras y conformes para la gesti\u00f3n de derechos de imagen.\n        <\/p>\n        <ul style=\"margin-bottom: 30px; padding-left: 20px;\">\n            <li style=\"color: #ffffff; margin-bottom: 10px;\"><strong>Estructuraci\u00f3n corporativa:<\/strong> Asesoramiento en la creaci\u00f3n y gesti\u00f3n de sociedades de derechos de imagen (SGI) en cumplimiento de la legislaci\u00f3n nacional y las normas internacionales anti-abuso.<\/li>\n            <li style=\"color: #ffffff; margin-bottom: 10px;\"><strong>Alineaci\u00f3n contractual:<\/strong> Garantizar que la asignaci\u00f3n de ingresos entre los contratos de trabajo y los acuerdos de derechos de imagen refleje la realidad comercial real y cumpla las directrices de la autoridad fiscal (por ejemplo, la regla 85\/15 en Espa\u00f1a).<\/li>\n            <li style=\"color: #ffffff; margin-bottom: 10px;\"><strong>Impuestos sobre el patrocinio:<\/strong> Analizar las implicaciones fiscales de los acuerdos de patrocinio global y las obligaciones de retenci\u00f3n de impuestos en diferentes territorios.<\/li>\n        <\/ul>\n\n        <h3 style=\"color: #ffffff; margin-top: 30px; margin-bottom: 15px;\">Movilidad fiscal internacional<\/h3>\n        <p style=\"color: #ffffff; line-height: 1.6;\">\n            Cuando los jugadores se transfieren entre pa\u00edses o compiten internacionalmente, determinar la residencia fiscal y evitar la doble imposici\u00f3n es primordial.\n        <\/p>\n        <ul style=\"margin-bottom: 30px; padding-left: 20px;\">\n            <li style=\"color: #ffffff; margin-bottom: 10px;\"><strong>Planificaci\u00f3n de la residencia fiscal:<\/strong> Asesorar a deportistas y entrenadores sobre las implicaciones de mudarse a un nuevo pa\u00eds y gestionar la transici\u00f3n entre sistemas tributarios.<\/li>\n            <li style=\"color: #ffffff; margin-bottom: 10px;\"><strong>Reg\u00edmenes Fiscales Especiales:<\/strong> Ayudar a los clientes a solicitar reg\u00edmenes fiscales favorables para expatriados (por ejemplo, la \u201cLey Beckham\u201d en Espa\u00f1a o reg\u00edmenes similares en Italia y el Reino Unido) para optimizar sus ingresos netos.<\/li>\n            <li style=\"color: #ffffff; margin-bottom: 10px;\"><strong>Tratados de Doble Imposici\u00f3n:<\/strong> Estructurar pagos transfronterizos (como tarifas de transferencia, comisiones de agentes y premios en met\u00e1lico) para mitigar las retenciones de impuestos y utilizar cr\u00e9ditos fiscales extranjeros.<\/li>\n        <\/ul>\n\n        <h3 style=\"color: #ffffff; margin-top: 30px; margin-bottom: 15px;\">Litigios fiscales y auditor\u00edas de agencias<\/h3>\n        <p style=\"color: #ffffff; line-height: 1.6;\">\n            Las autoridades fiscales se centran cada vez m\u00e1s en el sector deportivo, centr\u00e1ndose en las comisiones de los agentes, las primas de contrataci\u00f3n y los derechos de imagen. Ofrecemos una s\u00f3lida defensa en litigios fiscales.\n        <\/p>\n        <ul style=\"padding-left: 20px;\">\n            <li style=\"color: #ffffff; margin-bottom: 10px;\"><strong>Auditor\u00edas fiscales:<\/strong> Representar a deportistas, clubes e intermediarios durante las inspecciones de las agencias tributarias nacionales, gestionar solicitudes de informaci\u00f3n y negociar acuerdos.<\/li>\n            <li style=\"color: #ffffff; margin-bottom: 10px;\"><strong>Tributaci\u00f3n intermedia:<\/strong> Defensa de clubes y agentes en disputas relativas al tratamiento del IVA de las comisiones de agencia y las controvertidas implicaciones fiscales de la \u201cdoble representaci\u00f3n\u201d.<\/li>\n            <li style=\"color: #ffffff; margin-bottom: 10px;\"><strong>Litigio:<\/strong> Liderar procedimientos de apelaci\u00f3n ante tribunales tributarios administrativos e instancias judiciales ordinarias para impugnar liquidaciones y sanciones tributarias injustificadas.<\/li>\n        <\/ul>\n\n    <\/div>\n<\/div>","protected":false},"excerpt":{"rendered":"<p>Strategic Tax Planning &#038; Compliance in Sports The cross-border nature of the sports industry creates highly complex tax scenarios. Professional athletes, coaches, agencies, and clubs are subject to intense scrutiny by national tax authorities. A lack of specialized tax planning can lead to severe financial and reputational consequences. At UNO-ONE Legal, we provide sophisticated tax [&hellip;]<\/p>\n","protected":false},"author":2,"featured_media":0,"parent":0,"menu_order":0,"comment_status":"closed","ping_status":"closed","template":"","meta":{"footnotes":""},"class_list":["post-1133","page","type-page","status-publish","hentry"],"yoast_head":"<!-- This site is optimized with the Yoast SEO Premium plugin v26.4 (Yoast SEO v27.3) - https:\/\/yoast.com\/product\/yoast-seo-premium-wordpress\/ -->\n<title>Sports Taxation &amp; Image Rights Lawyers | UNO-ONE Legal<\/title>\n<meta name=\"description\" content=\"Specialized tax advice for athletes, clubs, and agents. We handle international tax planning, image rights structuring, and disputes with tax authorities.\" \/>\n<meta name=\"robots\" content=\"index, follow, max-snippet:-1, max-image-preview:large, max-video-preview:-1\" \/>\n<link rel=\"canonical\" href=\"https:\/\/uno-one.legal\/es\/servicios-deportes-fiscalidad\/\" \/>\n<meta property=\"og:locale\" content=\"es_ES\" \/>\n<meta property=\"og:type\" content=\"article\" \/>\n<meta property=\"og:title\" content=\"Sports Taxation\" \/>\n<meta property=\"og:description\" content=\"Specialized tax advice for athletes, clubs, and agents. We handle international tax planning, image rights structuring, and disputes with tax authorities.\" \/>\n<meta property=\"og:url\" content=\"https:\/\/uno-one.legal\/es\/servicios-deportes-fiscalidad\/\" \/>\n<meta property=\"og:site_name\" content=\"UNO-ONE Legal\" \/>\n<meta property=\"article:modified_time\" content=\"2026-03-05T12:33:06+00:00\" \/>\n<meta name=\"twitter:card\" content=\"summary_large_image\" \/>\n<meta name=\"twitter:label1\" content=\"Tiempo de lectura\" \/>\n\t<meta name=\"twitter:data1\" content=\"2 minutos\" \/>\n<script type=\"application\/ld+json\" class=\"yoast-schema-graph\">{\"@context\":\"https:\\\/\\\/schema.org\",\"@graph\":[{\"@type\":\"WebPage\",\"@id\":\"https:\\\/\\\/uno-one.legal\\\/services-sports-taxation\\\/\",\"url\":\"https:\\\/\\\/uno-one.legal\\\/services-sports-taxation\\\/\",\"name\":\"Sports Taxation & Image Rights Lawyers | UNO-ONE Legal\",\"isPartOf\":{\"@id\":\"https:\\\/\\\/uno-one.legal\\\/#website\"},\"datePublished\":\"2026-03-05T12:31:51+00:00\",\"dateModified\":\"2026-03-05T12:33:06+00:00\",\"description\":\"Specialized tax advice for athletes, clubs, and agents. We handle international tax planning, image rights structuring, and disputes with tax authorities.\",\"breadcrumb\":{\"@id\":\"https:\\\/\\\/uno-one.legal\\\/services-sports-taxation\\\/#breadcrumb\"},\"inLanguage\":\"es\",\"potentialAction\":[{\"@type\":\"ReadAction\",\"target\":[\"https:\\\/\\\/uno-one.legal\\\/services-sports-taxation\\\/\"]}]},{\"@type\":\"BreadcrumbList\",\"@id\":\"https:\\\/\\\/uno-one.legal\\\/services-sports-taxation\\\/#breadcrumb\",\"itemListElement\":[{\"@type\":\"ListItem\",\"position\":1,\"name\":\"Home\",\"item\":\"https:\\\/\\\/uno-one.legal\\\/\"},{\"@type\":\"ListItem\",\"position\":2,\"name\":\"Sports Taxation\"}]},{\"@type\":\"WebSite\",\"@id\":\"https:\\\/\\\/uno-one.legal\\\/#website\",\"url\":\"https:\\\/\\\/uno-one.legal\\\/\",\"name\":\"UNO-ONE Legal\",\"description\":\"Lawyers specialized in international sport law and entertainment\",\"publisher\":{\"@id\":\"https:\\\/\\\/uno-one.legal\\\/#organization\"},\"potentialAction\":[{\"@type\":\"SearchAction\",\"target\":{\"@type\":\"EntryPoint\",\"urlTemplate\":\"https:\\\/\\\/uno-one.legal\\\/?s={search_term_string}\"},\"query-input\":{\"@type\":\"PropertyValueSpecification\",\"valueRequired\":true,\"valueName\":\"search_term_string\"}}],\"inLanguage\":\"es\"},{\"@type\":\"Organization\",\"@id\":\"https:\\\/\\\/uno-one.legal\\\/#organization\",\"name\":\"UNO-ONE Legal\",\"url\":\"https:\\\/\\\/uno-one.legal\\\/\",\"logo\":{\"@type\":\"ImageObject\",\"inLanguage\":\"es\",\"@id\":\"https:\\\/\\\/uno-one.legal\\\/#\\\/schema\\\/logo\\\/image\\\/\",\"url\":\"https:\\\/\\\/uno-one.legal\\\/wp-content\\\/uploads\\\/2023\\\/10\\\/UnoOnelegal-vermell-fons-transparent.png\",\"contentUrl\":\"https:\\\/\\\/uno-one.legal\\\/wp-content\\\/uploads\\\/2023\\\/10\\\/UnoOnelegal-vermell-fons-transparent.png\",\"width\":1378,\"height\":468,\"caption\":\"UNO-ONE Legal\"},\"image\":{\"@id\":\"https:\\\/\\\/uno-one.legal\\\/#\\\/schema\\\/logo\\\/image\\\/\"}}]}<\/script>\n<!-- \/ Yoast SEO Premium plugin. -->","yoast_head_json":{"title":"Abogados especializados en fiscalidad deportiva y derechos de imagen | UNO-ONE Legal","description":"Asesoramiento fiscal especializado para deportistas, clubes y agentes. Nos encargamos de la planificaci\u00f3n fiscal internacional, la estructuraci\u00f3n de derechos de imagen y la resoluci\u00f3n de litigios con las autoridades fiscales.","robots":{"index":"index","follow":"follow","max-snippet":"max-snippet:-1","max-image-preview":"max-image-preview:large","max-video-preview":"max-video-preview:-1"},"canonical":"https:\/\/uno-one.legal\/es\/servicios-deportes-fiscalidad\/","og_locale":"es_ES","og_type":"article","og_title":"Sports Taxation","og_description":"Specialized tax advice for athletes, clubs, and agents. We handle international tax planning, image rights structuring, and disputes with tax authorities.","og_url":"https:\/\/uno-one.legal\/es\/servicios-deportes-fiscalidad\/","og_site_name":"UNO-ONE Legal","article_modified_time":"2026-03-05T12:33:06+00:00","twitter_card":"summary_large_image","twitter_misc":{"Tiempo de lectura":"2 minutos"},"schema":{"@context":"https:\/\/schema.org","@graph":[{"@type":"WebPage","@id":"https:\/\/uno-one.legal\/services-sports-taxation\/","url":"https:\/\/uno-one.legal\/services-sports-taxation\/","name":"Abogados especializados en fiscalidad deportiva y derechos de imagen | UNO-ONE Legal","isPartOf":{"@id":"https:\/\/uno-one.legal\/#website"},"datePublished":"2026-03-05T12:31:51+00:00","dateModified":"2026-03-05T12:33:06+00:00","description":"Asesoramiento fiscal especializado para deportistas, clubes y agentes. Nos encargamos de la planificaci\u00f3n fiscal internacional, la estructuraci\u00f3n de derechos de imagen y la resoluci\u00f3n de litigios con las autoridades fiscales.","breadcrumb":{"@id":"https:\/\/uno-one.legal\/services-sports-taxation\/#breadcrumb"},"inLanguage":"es","potentialAction":[{"@type":"ReadAction","target":["https:\/\/uno-one.legal\/services-sports-taxation\/"]}]},{"@type":"BreadcrumbList","@id":"https:\/\/uno-one.legal\/services-sports-taxation\/#breadcrumb","itemListElement":[{"@type":"ListItem","position":1,"name":"Home","item":"https:\/\/uno-one.legal\/"},{"@type":"ListItem","position":2,"name":"Sports Taxation"}]},{"@type":"WebSite","@id":"https:\/\/uno-one.legal\/#website","url":"https:\/\/uno-one.legal\/","name":"UNO-ONE Legal","description":"Abogados especializados en derecho deportivo internacional y del entretenimiento.","publisher":{"@id":"https:\/\/uno-one.legal\/#organization"},"potentialAction":[{"@type":"SearchAction","target":{"@type":"EntryPoint","urlTemplate":"https:\/\/uno-one.legal\/?s={search_term_string}"},"query-input":{"@type":"PropertyValueSpecification","valueRequired":true,"valueName":"search_term_string"}}],"inLanguage":"es"},{"@type":"Organization","@id":"https:\/\/uno-one.legal\/#organization","name":"UNO-ONE Legal","url":"https:\/\/uno-one.legal\/","logo":{"@type":"ImageObject","inLanguage":"es","@id":"https:\/\/uno-one.legal\/#\/schema\/logo\/image\/","url":"https:\/\/uno-one.legal\/wp-content\/uploads\/2023\/10\/UnoOnelegal-vermell-fons-transparent.png","contentUrl":"https:\/\/uno-one.legal\/wp-content\/uploads\/2023\/10\/UnoOnelegal-vermell-fons-transparent.png","width":1378,"height":468,"caption":"UNO-ONE Legal"},"image":{"@id":"https:\/\/uno-one.legal\/#\/schema\/logo\/image\/"}}]}},"_links":{"self":[{"href":"https:\/\/uno-one.legal\/es\/wp-json\/wp\/v2\/pages\/1133","targetHints":{"allow":["GET"]}}],"collection":[{"href":"https:\/\/uno-one.legal\/es\/wp-json\/wp\/v2\/pages"}],"about":[{"href":"https:\/\/uno-one.legal\/es\/wp-json\/wp\/v2\/types\/page"}],"author":[{"embeddable":true,"href":"https:\/\/uno-one.legal\/es\/wp-json\/wp\/v2\/users\/2"}],"replies":[{"embeddable":true,"href":"https:\/\/uno-one.legal\/es\/wp-json\/wp\/v2\/comments?post=1133"}],"version-history":[{"count":1,"href":"https:\/\/uno-one.legal\/es\/wp-json\/wp\/v2\/pages\/1133\/revisions"}],"predecessor-version":[{"id":1134,"href":"https:\/\/uno-one.legal\/es\/wp-json\/wp\/v2\/pages\/1133\/revisions\/1134"}],"wp:attachment":[{"href":"https:\/\/uno-one.legal\/es\/wp-json\/wp\/v2\/media?parent=1133"}],"curies":[{"name":"wp","href":"https:\/\/api.w.org\/{rel}","templated":true}]}}