{"id":1138,"date":"2026-03-05T13:35:22","date_gmt":"2026-03-05T12:35:22","guid":{"rendered":"https:\/\/uno-one.legal\/?page_id=1138"},"modified":"2026-04-14T09:41:21","modified_gmt":"2026-04-14T07:41:21","slug":"servicios-antidopaje","status":"publish","type":"page","link":"https:\/\/uno-one.legal\/es\/services-anti-doping\/","title":{"rendered":"Ley Antidopaje"},"content":{"rendered":"<div style=\"width: 100vw; position: relative; left: 50%; right: 50%; margin-left: -50vw; margin-right: -50vw; background-color: #e33d33; padding-top: 50px; padding-bottom: 50px;\">\n\n    <div class=\"service-details\" style=\"max-width: 1140px; margin: 0 auto; padding-left: 20px; padding-right: 20px; color: #ffffff; font-family: inherit;\">\n        \n        <h2 style=\"color: #ffffff; margin-top: 0; margin-bottom: 25px;\">Defensa Experta en Procedimientos Antidopaje<\/h2>\n        <p style=\"color: #ffffff; line-height: 1.6;\">\n            Una infracci\u00f3n de las normas antidopaje (ADRV) es una de las amenazas m\u00e1s graves para la carrera de un atleta profesional, con el riesgo de largas suspensiones, p\u00e9rdida de t\u00edtulos y un importante da\u00f1o a la reputaci\u00f3n. El marco legal que rige estos casos es altamente especializado y se adhiere estrictamente al C\u00f3digo Mundial Antidopaje (WADC).\n        <\/p>\n        <p style=\"color: #ffffff; line-height: 1.6;\">\n            En UNO-ONE Legal, ofrecemos estrategias de defensa agresivas y t\u00e9cnicamente rigurosas para atletas, entrenadores y personal m\u00e9dico que enfrentan acusaciones de dopaje. Combinamos una profunda experiencia legal con un profundo conocimiento de los complejos procedimientos cient\u00edficos y anal\u00edticos involucrados en el control del dopaje.\n        <\/p>\n\n        <hr style=\"margin: 40px 0; border: 0; border-top: 1px solid #ffffff; opacity: 0.5;\">\n\n        <h3 style=\"color: #ffffff; margin-top: 30px; margin-bottom: 15px;\">Hallazgos anal\u00edticos adversos (AAF)<\/h3>\n        <p style=\"color: #ffffff; line-height: 1.6;\">\n            Un resultado positivo no es el final del proceso; es el comienzo de un complejo desaf\u00edo legal y cient\u00edfico. Examinamos minuciosamente cada aspecto del procedimiento de prueba y la evidencia cient\u00edfica.\n        <\/p>\n        <ul style=\"margin-bottom: 30px; padding-left: 20px;\">\n            <li style=\"color: #ffffff; margin-bottom: 10px;\"><strong>An\u00e1lisis de la muestra B:<\/strong> Orientar a los atletas sobre el derecho a solicitar el an\u00e1lisis de la muestra B y garantizar la equidad procesal durante el proceso de laboratorio.<\/li>\n            <li style=\"color: #ffffff; margin-bottom: 10px;\"><strong>Productos contaminados:<\/strong> Desarrollar estrategias de defensa basadas en la ingesti\u00f3n no intencional, estableciendo la fuente de la sustancia prohibida (por ejemplo, suplementos o carne contaminados) para buscar reducciones significativas en el per\u00edodo de inelegibilidad.<\/li>\n            <li style=\"color: #ffffff; margin-bottom: 10px;\"><strong>Exenciones de uso terap\u00e9utico (TUE):<\/strong> Gesti\u00f3n de solicitudes TUE retroactivas y defensa de deportistas cuando tratamientos m\u00e9dicos leg\u00edtimos dan lugar a resultados adversos.<\/li>\n            <li style=\"color: #ffffff; margin-bottom: 10px;\"><strong>Colaboraci\u00f3n cient\u00edfica:<\/strong> Trabajar en estrecha colaboraci\u00f3n con toxic\u00f3logos y farmac\u00f3logos l\u00edderes a nivel mundial para cuestionar la validez de los resultados de laboratorio o los protocolos de pruebas acreditados por la AMA.<\/li>\n        <\/ul>\n\n        <h3 style=\"color: #ffffff; margin-top: 30px; margin-bottom: 15px;\">Infracciones de las normas antidopaje no anal\u00edticas<\/h3>\n        <p style=\"color: #ffffff; line-height: 1.6;\">\n            Los atletas pueden enfrentarse a sanciones severas incluso sin un resultado positivo. Defendemos a nuestros clientes contra todo tipo de infracciones no anal\u00edticas descritas en el WADC.\n        <\/p>\n        <ul style=\"margin-bottom: 30px; padding-left: 20px;\">\n            <li style=\"color: #ffffff; margin-bottom: 10px;\"><strong>Paradero Fallos:<\/strong> Defensa de atletas contra acusaciones de pruebas fallidas o fallas en la presentaci\u00f3n dentro del sistema ADAMS durante un per\u00edodo de 12 meses.<\/li>\n            <li style=\"color: #ffffff; margin-bottom: 10px;\"><strong>Evasi\u00f3n y manipulaci\u00f3n:<\/strong> Representaci\u00f3n de clientes acusados de evadir la recolecci\u00f3n de muestras, negarse a someterse a pruebas o alterar el proceso de control de dopaje.<\/li>\n            <li style=\"color: #ffffff; margin-bottom: 10px;\"><strong>Pasaporte Biol\u00f3gico (ABP):<\/strong> Cuestionar las afirmaciones de dopaje basadas en variaciones at\u00edpicas en el Pasaporte Biol\u00f3gico del Atleta de un atleta, en coordinaci\u00f3n con hemat\u00f3logos y endocrin\u00f3logos independientes.<\/li>\n            <li style=\"color: #ffffff; margin-bottom: 10px;\"><strong>Complicidad y Asociaci\u00f3n Prohibida:<\/strong> Defender al personal de apoyo (entrenadores, m\u00e9dicos) contra acusaciones de ayudar a cometer una infracci\u00f3n o asociarse con personas prohibidas.<\/li>\n        <\/ul>\n\n        <h3 style=\"color: #ffffff; margin-top: 30px; margin-bottom: 15px;\">Litigios y apelaciones (nacionales y TAS)<\/h3>\n        <p style=\"color: #ffffff; line-height: 1.6;\">\n            Representamos a clientes en todas las etapas del proceso judicial antidopaje, desde las audiencias iniciales hasta las apelaciones finales.\n        <\/p>\n        <ul style=\"padding-left: 20px;\">\n            <li style=\"color: #ffffff; margin-bottom: 10px;\"><strong>Organizaciones Nacionales Antidopaje (ONAD):<\/strong> Proporcionar representaci\u00f3n ante paneles disciplinarios nacionales y tribunales antidopaje espec\u00edficos de federaciones internacionales.<\/li>\n            <li style=\"color: #ffffff; margin-bottom: 10px;\"><strong>Tribunal de Arbitraje Deportivo (TAS):<\/strong> Gestionar procedimientos de apelaci\u00f3n complejos en Lausana, impugnar sanciones impuestas por ONAD o federaciones internacionales o responder a apelaciones presentadas por la AMA solicitando sanciones m\u00e1s severas.<\/li>\n            <li style=\"color: #ffffff; margin-bottom: 10px;\"><strong>Suspensiones provisionales:<\/strong> Impugnar suspensiones provisionales obligatorias u opcionales para permitir que los atletas contin\u00faen compitiendo mientras se resuelve su caso.<\/li>\n        <\/ul>\n\n    <\/div>\n<\/div>","protected":false},"excerpt":{"rendered":"<p>Expert Defense in Anti-Doping Proceedings An anti-doping rule violation (ADRV) is one of the most severe threats to a professional athlete&#8217;s career, carrying the risk of lengthy bans, loss of titles, and significant reputational damage. The legal framework governing these cases is highly specialized, strictly adhering to the World Anti-Doping Code (WADC). At UNO-ONE Legal, [&hellip;]<\/p>\n","protected":false},"author":2,"featured_media":0,"parent":0,"menu_order":0,"comment_status":"closed","ping_status":"closed","template":"","meta":{"footnotes":""},"class_list":["post-1138","page","type-page","status-publish","hentry"],"yoast_head":"<!-- This site is optimized with the Yoast SEO Premium plugin v26.4 (Yoast SEO v27.3) - https:\/\/yoast.com\/product\/yoast-seo-premium-wordpress\/ -->\n<title>Anti-Doping Law: Expert Legal Defense | UNO-ONE Legal<\/title>\n<meta name=\"description\" content=\"Experts in Anti-Doping Law. We defend atheletes before WADA and CAS in ADRV cases, whereabouts failures, and appeals.\" \/>\n<meta name=\"robots\" content=\"index, follow, max-snippet:-1, max-image-preview:large, max-video-preview:-1\" \/>\n<link rel=\"canonical\" href=\"https:\/\/uno-one.legal\/es\/servicios-antidopaje\/\" \/>\n<meta property=\"og:locale\" content=\"es_ES\" \/>\n<meta property=\"og:type\" content=\"article\" \/>\n<meta property=\"og:title\" content=\"Anti-Doping Law\" \/>\n<meta property=\"og:description\" content=\"Experts in Anti-Doping Law. We defend atheletes before WADA and CAS in ADRV cases, whereabouts failures, and appeals.\" \/>\n<meta property=\"og:url\" content=\"https:\/\/uno-one.legal\/es\/servicios-antidopaje\/\" \/>\n<meta property=\"og:site_name\" content=\"UNO-ONE Legal\" \/>\n<meta property=\"article:modified_time\" content=\"2026-04-14T07:41:21+00:00\" \/>\n<meta name=\"twitter:card\" content=\"summary_large_image\" \/>\n<meta name=\"twitter:label1\" content=\"Tiempo de lectura\" \/>\n\t<meta name=\"twitter:data1\" content=\"2 minutos\" \/>\n<script type=\"application\/ld+json\" class=\"yoast-schema-graph\">{\"@context\":\"https:\\\/\\\/schema.org\",\"@graph\":[{\"@type\":\"WebPage\",\"@id\":\"https:\\\/\\\/uno-one.legal\\\/services-anti-doping\\\/\",\"url\":\"https:\\\/\\\/uno-one.legal\\\/services-anti-doping\\\/\",\"name\":\"Anti-Doping Law: Expert Legal Defense | UNO-ONE Legal\",\"isPartOf\":{\"@id\":\"https:\\\/\\\/uno-one.legal\\\/#website\"},\"datePublished\":\"2026-03-05T12:35:22+00:00\",\"dateModified\":\"2026-04-14T07:41:21+00:00\",\"description\":\"Experts in Anti-Doping Law. We defend atheletes before WADA and CAS in ADRV cases, whereabouts failures, and appeals.\",\"breadcrumb\":{\"@id\":\"https:\\\/\\\/uno-one.legal\\\/services-anti-doping\\\/#breadcrumb\"},\"inLanguage\":\"es\",\"potentialAction\":[{\"@type\":\"ReadAction\",\"target\":[\"https:\\\/\\\/uno-one.legal\\\/services-anti-doping\\\/\"]}]},{\"@type\":\"BreadcrumbList\",\"@id\":\"https:\\\/\\\/uno-one.legal\\\/services-anti-doping\\\/#breadcrumb\",\"itemListElement\":[{\"@type\":\"ListItem\",\"position\":1,\"name\":\"Home\",\"item\":\"https:\\\/\\\/uno-one.legal\\\/\"},{\"@type\":\"ListItem\",\"position\":2,\"name\":\"Anti-Doping Law\"}]},{\"@type\":\"WebSite\",\"@id\":\"https:\\\/\\\/uno-one.legal\\\/#website\",\"url\":\"https:\\\/\\\/uno-one.legal\\\/\",\"name\":\"UNO-ONE Legal\",\"description\":\"Lawyers specialized in international sport law and entertainment\",\"publisher\":{\"@id\":\"https:\\\/\\\/uno-one.legal\\\/#organization\"},\"potentialAction\":[{\"@type\":\"SearchAction\",\"target\":{\"@type\":\"EntryPoint\",\"urlTemplate\":\"https:\\\/\\\/uno-one.legal\\\/?s={search_term_string}\"},\"query-input\":{\"@type\":\"PropertyValueSpecification\",\"valueRequired\":true,\"valueName\":\"search_term_string\"}}],\"inLanguage\":\"es\"},{\"@type\":\"Organization\",\"@id\":\"https:\\\/\\\/uno-one.legal\\\/#organization\",\"name\":\"UNO-ONE Legal\",\"url\":\"https:\\\/\\\/uno-one.legal\\\/\",\"logo\":{\"@type\":\"ImageObject\",\"inLanguage\":\"es\",\"@id\":\"https:\\\/\\\/uno-one.legal\\\/#\\\/schema\\\/logo\\\/image\\\/\",\"url\":\"https:\\\/\\\/uno-one.legal\\\/wp-content\\\/uploads\\\/2023\\\/10\\\/UnoOnelegal-vermell-fons-transparent.png\",\"contentUrl\":\"https:\\\/\\\/uno-one.legal\\\/wp-content\\\/uploads\\\/2023\\\/10\\\/UnoOnelegal-vermell-fons-transparent.png\",\"width\":1378,\"height\":468,\"caption\":\"UNO-ONE Legal\"},\"image\":{\"@id\":\"https:\\\/\\\/uno-one.legal\\\/#\\\/schema\\\/logo\\\/image\\\/\"}}]}<\/script>\n<!-- \/ Yoast SEO Premium plugin. -->","yoast_head_json":{"title":"Legislaci\u00f3n antidopaje: Defensa legal experta | UNO-ONE Legal","description":"Expertos en derecho antidopaje. Defendemos a los atletas ante la AMA y el TAS en casos de infracciones de las normas antidopaje, incumplimiento de la localizaci\u00f3n de los deportistas y apelaciones.","robots":{"index":"index","follow":"follow","max-snippet":"max-snippet:-1","max-image-preview":"max-image-preview:large","max-video-preview":"max-video-preview:-1"},"canonical":"https:\/\/uno-one.legal\/es\/servicios-antidopaje\/","og_locale":"es_ES","og_type":"article","og_title":"Anti-Doping Law","og_description":"Experts in Anti-Doping Law. We defend atheletes before WADA and CAS in ADRV cases, whereabouts failures, and appeals.","og_url":"https:\/\/uno-one.legal\/es\/servicios-antidopaje\/","og_site_name":"UNO-ONE Legal","article_modified_time":"2026-04-14T07:41:21+00:00","twitter_card":"summary_large_image","twitter_misc":{"Tiempo de lectura":"2 minutos"},"schema":{"@context":"https:\/\/schema.org","@graph":[{"@type":"WebPage","@id":"https:\/\/uno-one.legal\/services-anti-doping\/","url":"https:\/\/uno-one.legal\/services-anti-doping\/","name":"Legislaci\u00f3n antidopaje: Defensa legal experta | UNO-ONE Legal","isPartOf":{"@id":"https:\/\/uno-one.legal\/#website"},"datePublished":"2026-03-05T12:35:22+00:00","dateModified":"2026-04-14T07:41:21+00:00","description":"Expertos en derecho antidopaje. Defendemos a los atletas ante la AMA y el TAS en casos de infracciones de las normas antidopaje, incumplimiento de la localizaci\u00f3n de los deportistas y apelaciones.","breadcrumb":{"@id":"https:\/\/uno-one.legal\/services-anti-doping\/#breadcrumb"},"inLanguage":"es","potentialAction":[{"@type":"ReadAction","target":["https:\/\/uno-one.legal\/services-anti-doping\/"]}]},{"@type":"BreadcrumbList","@id":"https:\/\/uno-one.legal\/services-anti-doping\/#breadcrumb","itemListElement":[{"@type":"ListItem","position":1,"name":"Home","item":"https:\/\/uno-one.legal\/"},{"@type":"ListItem","position":2,"name":"Anti-Doping Law"}]},{"@type":"WebSite","@id":"https:\/\/uno-one.legal\/#website","url":"https:\/\/uno-one.legal\/","name":"UNO-ONE Legal","description":"Abogados especializados en derecho deportivo internacional y del entretenimiento.","publisher":{"@id":"https:\/\/uno-one.legal\/#organization"},"potentialAction":[{"@type":"SearchAction","target":{"@type":"EntryPoint","urlTemplate":"https:\/\/uno-one.legal\/?s={search_term_string}"},"query-input":{"@type":"PropertyValueSpecification","valueRequired":true,"valueName":"search_term_string"}}],"inLanguage":"es"},{"@type":"Organization","@id":"https:\/\/uno-one.legal\/#organization","name":"UNO-ONE Legal","url":"https:\/\/uno-one.legal\/","logo":{"@type":"ImageObject","inLanguage":"es","@id":"https:\/\/uno-one.legal\/#\/schema\/logo\/image\/","url":"https:\/\/uno-one.legal\/wp-content\/uploads\/2023\/10\/UnoOnelegal-vermell-fons-transparent.png","contentUrl":"https:\/\/uno-one.legal\/wp-content\/uploads\/2023\/10\/UnoOnelegal-vermell-fons-transparent.png","width":1378,"height":468,"caption":"UNO-ONE Legal"},"image":{"@id":"https:\/\/uno-one.legal\/#\/schema\/logo\/image\/"}}]}},"_links":{"self":[{"href":"https:\/\/uno-one.legal\/es\/wp-json\/wp\/v2\/pages\/1138","targetHints":{"allow":["GET"]}}],"collection":[{"href":"https:\/\/uno-one.legal\/es\/wp-json\/wp\/v2\/pages"}],"about":[{"href":"https:\/\/uno-one.legal\/es\/wp-json\/wp\/v2\/types\/page"}],"author":[{"embeddable":true,"href":"https:\/\/uno-one.legal\/es\/wp-json\/wp\/v2\/users\/2"}],"replies":[{"embeddable":true,"href":"https:\/\/uno-one.legal\/es\/wp-json\/wp\/v2\/comments?post=1138"}],"version-history":[{"count":1,"href":"https:\/\/uno-one.legal\/es\/wp-json\/wp\/v2\/pages\/1138\/revisions"}],"predecessor-version":[{"id":1139,"href":"https:\/\/uno-one.legal\/es\/wp-json\/wp\/v2\/pages\/1138\/revisions\/1139"}],"wp:attachment":[{"href":"https:\/\/uno-one.legal\/es\/wp-json\/wp\/v2\/media?parent=1138"}],"curies":[{"name":"wp","href":"https:\/\/api.w.org\/{rel}","templated":true}]}}